{"id":1228,"date":"2018-02-16T11:08:16","date_gmt":"2018-02-16T11:09:04","guid":{"rendered":"https:\/\/szepczacekruki.pl\/?post_type=product&#038;p=1228"},"modified":"2025-11-26T20:09:05","modified_gmt":"2025-11-26T20:09:05","slug":"replica-bronze-sword-scabbard-chape-grupa-i-typ-1a-wg-paulsen","status":"publish","type":"product","link":"https:\/\/szepczacekruki.pl\/en\/viking-replica-jewelry-slavic\/replica-bronze-sword-scabbard-chape-grupa-i-typ-1a-wg-paulsen\/","title":{"rendered":"Replica. Bronze Sword Scabbard Chape. Grupa I typ 1a wg. Paulsen"},"content":{"rendered":"<p>Replica. Bronze Sword Scabbard Chape. Grupa I typ 1a wg. Paulsen.<\/p>\n<p>Dating of: X th.<\/p>\n<p>Place of discovery:<\/p>\n<p>1. Rus: Gniezdowo, Krutik, Nowogr\u00f3d, Gorodisce<\/p>\n<p>2. Denmark: Hadeby<\/p>\n<p>3. Germany: Szlezwik<\/p>\n<p>4.Gotland<\/p>\n<p>5. Norway: R\u00f8rvik, N\u00e6r\u00f8y, Nord-Tr\u00f8ndelag<\/p>\n<p>6. Sweden: Birka (gr\u00f3b 944, gr\u00f3b 643, gr\u00f3b 750), Saltvik, Eneborg, Aland , Berg Hedesunda<\/p>\n<p>7. Litwa: V\u0117\u017eai\u010diai, \u017d\u0105sinas<\/p>\n<p>8. \u0141otwa: Auce Islandi<\/p>\n<p>Dimensions: 72 mm x 44 mm<\/p>\n<p>Material: bronze<\/p>\n<p>(The possibility of silvering, gilding bronze)<\/p>\n","protected":false},"excerpt":{"rendered":"<p>Replica. Bronze Sword Scabbard Chape. Grupa I typ 1a wg. Paulsen. Dating of: X th. Place of discovery: 1. Rus: Gniezdowo, Krutik, Nowogr\u00f3d, Gorodisce; 2. Denmark: Hadeby; 3. Germany: Szlezwik; 4.Gotland; 5. Norway: R\u00f8rvik, N\u00e6r\u00f8y, Nord-Tr\u00f8ndelag; 6. Sweden: Birka (gr\u00f3b 944, gr\u00f3b 643, gr\u00f3b 750), Saltvik, Eneborg, Aland , Berg Hedesunda; 7. Litwa: V\u0117\u017eai\u010diai, \u017d\u0105sinas; 8. \u0141otwa: Auce Islandi<\/p>\n","protected":false},"featured_media":2918,"template":"","meta":{"_mi_skip_tracking":false},"product_cat":[42,119],"product_tag":[],"_links":{"self":[{"href":"https:\/\/szepczacekruki.pl\/en\/wp-json\/wp\/v2\/product\/1228"}],"collection":[{"href":"https:\/\/szepczacekruki.pl\/en\/wp-json\/wp\/v2\/product"}],"about":[{"href":"https:\/\/szepczacekruki.pl\/en\/wp-json\/wp\/v2\/types\/product"}],"wp:featuredmedia":[{"embeddable":true,"href":"https:\/\/szepczacekruki.pl\/en\/wp-json\/wp\/v2\/media\/2918"}],"wp:attachment":[{"href":"https:\/\/szepczacekruki.pl\/en\/wp-json\/wp\/v2\/media?parent=1228"}],"wp:term":[{"taxonomy":"product_cat","embeddable":true,"href":"https:\/\/szepczacekruki.pl\/en\/wp-json\/wp\/v2\/product_cat?post=1228"},{"taxonomy":"product_tag","embeddable":true,"href":"https:\/\/szepczacekruki.pl\/en\/wp-json\/wp\/v2\/product_tag?post=1228"}],"curies":[{"name":"wp","href":"https:\/\/api.w.org\/{rel}","templated":true}]}}