{"id":1264,"date":"2018-02-16T11:04:07","date_gmt":"2018-02-16T11:04:56","guid":{"rendered":"https:\/\/szepczacekruki.pl\/?post_type=product&#038;p=1264"},"modified":"2025-11-26T20:10:52","modified_gmt":"2025-11-26T20:10:52","slug":"replica-bronze-sword-scabbard-chape-grupa-i-typ-1a-wg-kazakevicius-1","status":"publish","type":"product","link":"https:\/\/szepczacekruki.pl\/en\/viking-replica-jewelry-slavic\/replica-bronze-sword-scabbard-chape-grupa-i-typ-1a-wg-kazakevicius-1\/","title":{"rendered":"Replica. Bronze Sword Scabbard Chape. Grupa I typ 1a wg. Kazakevicius 1"},"content":{"rendered":"<p>Replica. Bronze Sword Scabbard Chape. Grupa I typ 1a wg. Kazakevicius 1<\/p>\n<p>Dating of: X-XI th.<\/p>\n<p>Place of discovery:<\/p>\n<p>1. Rus: Gniezdowo, Szestowica, Sjedniew, Sarskoje, Timjerjewo, Michaj\u0142owskoje, Bia\u0142e Jezioro, Stara \u0141adoga, Gorka, Kij\u00f3w, Ugli\u0107,Rjurikovo Gorodis\u0107e<\/p>\n<p>2. Sweden: Birka (gr\u00f3b 944, gr\u00f3b 643, gr\u00f3b 750), Saltvik, Eneborg, Aland, Berg Hedesunda<\/p>\n<p>3. Norway: Hedmark, Presttegard, Rinosaker<\/p>\n<p>4. France: (L&#8217;Isle de Groix, Bretagne, Frankreich)<\/p>\n<p>5. Finland<\/p>\n<p>Dimensions: 62 mm x 40 mm<\/p>\n<p>Material: bronze<\/p>\n<p>(The possibility of silvering, gilding bronze)<\/p>\n","protected":false},"excerpt":{"rendered":"<p>Replica. Bronze Sword Scabbard Chape. Grupa I typ 1a wg. Kazakevicius 1. Dating of: X-XI th. Place of discovery: 1. Rus: Gniezdowo, Szestowica, Sjedniew, Sarskoje, Timjerjewo, Michaj\u0142owskoje, Bia\u0142e Jezioro, Stara \u0141adoga, Gorka, Kij\u00f3w, Ugli\u0107,Rjurikovo Gorodis\u0107e; 2. Sweden: Birka (gr\u00f3b 944, gr\u00f3b 643, gr\u00f3b 750), Saltvik, Eneborg, Aland, Berg Hedesunda; 3. Norway: Hedmark, Presttegard, Rinosaker; 4. France: (L&#8217;Isle de Groix, Bretagne, Frankreich); 5. Finland<\/p>\n","protected":false},"featured_media":2912,"template":"","meta":{"_mi_skip_tracking":false},"product_cat":[42,119],"product_tag":[],"_links":{"self":[{"href":"https:\/\/szepczacekruki.pl\/en\/wp-json\/wp\/v2\/product\/1264"}],"collection":[{"href":"https:\/\/szepczacekruki.pl\/en\/wp-json\/wp\/v2\/product"}],"about":[{"href":"https:\/\/szepczacekruki.pl\/en\/wp-json\/wp\/v2\/types\/product"}],"wp:featuredmedia":[{"embeddable":true,"href":"https:\/\/szepczacekruki.pl\/en\/wp-json\/wp\/v2\/media\/2912"}],"wp:attachment":[{"href":"https:\/\/szepczacekruki.pl\/en\/wp-json\/wp\/v2\/media?parent=1264"}],"wp:term":[{"taxonomy":"product_cat","embeddable":true,"href":"https:\/\/szepczacekruki.pl\/en\/wp-json\/wp\/v2\/product_cat?post=1264"},{"taxonomy":"product_tag","embeddable":true,"href":"https:\/\/szepczacekruki.pl\/en\/wp-json\/wp\/v2\/product_tag?post=1264"}],"curies":[{"name":"wp","href":"https:\/\/api.w.org\/{rel}","templated":true}]}}