{"id":3757,"date":"2018-12-03T18:53:37","date_gmt":"2018-12-03T18:53:37","guid":{"rendered":"https:\/\/szepczacekruki.pl\/produkt\/replica-penannular-brooch-from-lodz-poland\/"},"modified":"2024-02-06T20:58:15","modified_gmt":"2024-02-06T20:58:15","slug":"replica-penannular-brooch-from-lodz-poland","status":"publish","type":"product","link":"https:\/\/szepczacekruki.pl\/en\/viking-replica-jewelry-slavic\/replica-penannular-brooch-from-lodz-poland\/","title":{"rendered":"Replica. Penannular brooch from \u0141\u00f3d\u017a (Poland)"},"content":{"rendered":"<p>Replica. Penannular brooch from \u0141\u00f3d\u017a (Poland)<\/p>\n<p>Dating of: X-XI th.<\/p>\n<p>Place of discovery: \u00a0Poland \u0141\u00f3d\u017a<\/p>\n<p>Dimensions: 8 cm<\/p>\n<p>Material: bronze<\/p>\n<p>(The possibility of silvering, gilding bronze)<\/p>\n","protected":false},"excerpt":{"rendered":"<p>Replica. Penannular brooch from \u0141\u00f3d\u017a (Poland). Dating of: X-XI th. Place of discovery: \u00a0Poland \u0141\u00f3d\u017a.<\/p>\n","protected":false},"featured_media":6986,"template":"","meta":{"_mi_skip_tracking":false},"product_cat":[313,39],"product_tag":[],"_links":{"self":[{"href":"https:\/\/szepczacekruki.pl\/en\/wp-json\/wp\/v2\/product\/3757"}],"collection":[{"href":"https:\/\/szepczacekruki.pl\/en\/wp-json\/wp\/v2\/product"}],"about":[{"href":"https:\/\/szepczacekruki.pl\/en\/wp-json\/wp\/v2\/types\/product"}],"wp:featuredmedia":[{"embeddable":true,"href":"https:\/\/szepczacekruki.pl\/en\/wp-json\/wp\/v2\/media\/6986"}],"wp:attachment":[{"href":"https:\/\/szepczacekruki.pl\/en\/wp-json\/wp\/v2\/media?parent=3757"}],"wp:term":[{"taxonomy":"product_cat","embeddable":true,"href":"https:\/\/szepczacekruki.pl\/en\/wp-json\/wp\/v2\/product_cat?post=3757"},{"taxonomy":"product_tag","embeddable":true,"href":"https:\/\/szepczacekruki.pl\/en\/wp-json\/wp\/v2\/product_tag?post=3757"}],"curies":[{"name":"wp","href":"https:\/\/api.w.org\/{rel}","templated":true}]}}