{"id":3896,"date":"2018-03-26T23:43:02","date_gmt":"2018-03-26T23:43:02","guid":{"rendered":"https:\/\/szepczacekruki.pl\/produkt\/lune-pendant-replica-poland-danilowo-male\/"},"modified":"2023-02-07T13:41:08","modified_gmt":"2023-02-07T13:41:08","slug":"lune-pendant-replica-poland-danilowo-male","status":"publish","type":"product","link":"https:\/\/szepczacekruki.pl\/en\/viking-replica-jewelry-slavic\/lune-pendant-replica-poland-danilowo-male\/","title":{"rendered":"Lune pendant. Replica. Poland (Dani\u0142owo Ma\u0142e)"},"content":{"rendered":"<p>Lune pendant. Replica. Poland (Dani\u0142owo Ma\u0142e)<\/p>\n<p>Dating: X-XI<\/p>\n<p>Dimensions: 2,5 cm<\/p>\n<p>Material: bronze<\/p>\n","protected":false},"excerpt":{"rendered":"<p>Lune pendant. Replica. Poland (Dani\u0142owo Ma\u0142e), Dating: X-XI<\/p>\n","protected":false},"featured_media":6409,"template":"","meta":{"_mi_skip_tracking":false},"product_cat":[39,192],"product_tag":[],"_links":{"self":[{"href":"https:\/\/szepczacekruki.pl\/en\/wp-json\/wp\/v2\/product\/3896"}],"collection":[{"href":"https:\/\/szepczacekruki.pl\/en\/wp-json\/wp\/v2\/product"}],"about":[{"href":"https:\/\/szepczacekruki.pl\/en\/wp-json\/wp\/v2\/types\/product"}],"wp:featuredmedia":[{"embeddable":true,"href":"https:\/\/szepczacekruki.pl\/en\/wp-json\/wp\/v2\/media\/6409"}],"wp:attachment":[{"href":"https:\/\/szepczacekruki.pl\/en\/wp-json\/wp\/v2\/media?parent=3896"}],"wp:term":[{"taxonomy":"product_cat","embeddable":true,"href":"https:\/\/szepczacekruki.pl\/en\/wp-json\/wp\/v2\/product_cat?post=3896"},{"taxonomy":"product_tag","embeddable":true,"href":"https:\/\/szepczacekruki.pl\/en\/wp-json\/wp\/v2\/product_tag?post=3896"}],"curies":[{"name":"wp","href":"https:\/\/api.w.org\/{rel}","templated":true}]}}