{"id":4031,"date":"2018-12-21T01:14:16","date_gmt":"2018-12-21T01:14:41","guid":{"rendered":"https:\/\/szepczacekruki.pl\/?post_type=product&#038;p=4031"},"modified":"2023-02-07T11:49:51","modified_gmt":"2023-02-07T11:49:51","slug":"a-replica-of-a-lunar-pendant-danilowo-male-danilowo-male","status":"publish","type":"product","link":"https:\/\/szepczacekruki.pl\/en\/viking-replica-jewelry-slavic\/a-replica-of-a-lunar-pendant-danilowo-male-danilowo-male\/","title":{"rendered":"A replica of a lunar pendant. Dani\u0142owo Ma\u0142e (Dani\u0142owo Ma\u0142e)"},"content":{"rendered":"<p>A replica of a lunar pendant. Dani\u0142owo Ma\u0142e (Dani\u0142owo Ma\u0142e)<\/p>\n<p>Dating: the early Middle Ages<\/p>\n<p>dimensions: 2,5 cm<\/p>\n<p>material: bronze<\/p>\n","protected":false},"excerpt":{"rendered":"<p>A replica of a lunar pendant. Dani\u0142owo Ma\u0142e (Dani\u0142owo Ma\u0142e), Dating: the early Middle Ages<\/p>\n","protected":false},"featured_media":6625,"template":"","meta":{"_mi_skip_tracking":false},"product_cat":[39,192],"product_tag":[],"_links":{"self":[{"href":"https:\/\/szepczacekruki.pl\/en\/wp-json\/wp\/v2\/product\/4031"}],"collection":[{"href":"https:\/\/szepczacekruki.pl\/en\/wp-json\/wp\/v2\/product"}],"about":[{"href":"https:\/\/szepczacekruki.pl\/en\/wp-json\/wp\/v2\/types\/product"}],"wp:featuredmedia":[{"embeddable":true,"href":"https:\/\/szepczacekruki.pl\/en\/wp-json\/wp\/v2\/media\/6625"}],"wp:attachment":[{"href":"https:\/\/szepczacekruki.pl\/en\/wp-json\/wp\/v2\/media?parent=4031"}],"wp:term":[{"taxonomy":"product_cat","embeddable":true,"href":"https:\/\/szepczacekruki.pl\/en\/wp-json\/wp\/v2\/product_cat?post=4031"},{"taxonomy":"product_tag","embeddable":true,"href":"https:\/\/szepczacekruki.pl\/en\/wp-json\/wp\/v2\/product_tag?post=4031"}],"curies":[{"name":"wp","href":"https:\/\/api.w.org\/{rel}","templated":true}]}}