{"id":4199,"date":"2018-12-20T00:47:38","date_gmt":"2018-12-20T00:47:51","guid":{"rendered":"https:\/\/szepczacekruki.pl\/?post_type=product&#038;p=4199"},"modified":"2023-02-07T11:50:18","modified_gmt":"2023-02-07T11:50:18","slug":"a-replica-of-a-lunar-pendant-ladoga-rus","status":"publish","type":"product","link":"https:\/\/szepczacekruki.pl\/en\/viking-replica-jewelry-slavic\/a-replica-of-a-lunar-pendant-ladoga-rus\/","title":{"rendered":"A replica of a lunar pendant. \u0141adoga (Ru\u015b)"},"content":{"rendered":"<p>A replica of a lunar pendant. \u0141adoga (Ru\u015b)<br \/>\nDating: the early Middle Ages<br \/>\nDimensions: 4 cm<br \/>\nMaterial: bronze<\/p>\n","protected":false},"excerpt":{"rendered":"<p>A replica of a lunar pendant. \u0141adoga (Ru\u015b), Dating: the early Middle Ages<\/p>\n","protected":false},"featured_media":6629,"template":"","meta":{"_mi_skip_tracking":false},"product_cat":[39,192],"product_tag":[],"_links":{"self":[{"href":"https:\/\/szepczacekruki.pl\/en\/wp-json\/wp\/v2\/product\/4199"}],"collection":[{"href":"https:\/\/szepczacekruki.pl\/en\/wp-json\/wp\/v2\/product"}],"about":[{"href":"https:\/\/szepczacekruki.pl\/en\/wp-json\/wp\/v2\/types\/product"}],"wp:featuredmedia":[{"embeddable":true,"href":"https:\/\/szepczacekruki.pl\/en\/wp-json\/wp\/v2\/media\/6629"}],"wp:attachment":[{"href":"https:\/\/szepczacekruki.pl\/en\/wp-json\/wp\/v2\/media?parent=4199"}],"wp:term":[{"taxonomy":"product_cat","embeddable":true,"href":"https:\/\/szepczacekruki.pl\/en\/wp-json\/wp\/v2\/product_cat?post=4199"},{"taxonomy":"product_tag","embeddable":true,"href":"https:\/\/szepczacekruki.pl\/en\/wp-json\/wp\/v2\/product_tag?post=4199"}],"curies":[{"name":"wp","href":"https:\/\/api.w.org\/{rel}","templated":true}]}}