{"id":4638,"date":"2019-01-13T00:27:40","date_gmt":"2019-01-13T00:27:58","guid":{"rendered":"https:\/\/szepczacekruki.pl\/?post_type=product&#038;p=4638"},"modified":"2022-08-29T07:49:42","modified_gmt":"2022-08-29T07:49:42","slug":"belt-set-sweden","status":"publish","type":"product","link":"https:\/\/szepczacekruki.pl\/en\/viking-replica-jewelry-slavic\/belt-set-sweden\/","title":{"rendered":"Belt set. Buckle: Sweden (Bj\u00f6rk\u00f6 grave 716), Strap-end: Sweden (Bj\u00f6rk\u00f6)"},"content":{"rendered":"<p><span class=\"text_exposed_show\">Belt set.<\/span><\/p>\n<p><span class=\"text_exposed_show\">Buckle: Sweden (<\/span>Bj\u00f6rk\u00f6 grave 716)<\/p>\n<p>Strap-end:\u00a0<span class=\"text_exposed_show\">Sweden (<\/span>Bj\u00f6rk\u00f6)<\/p>\n<p><span class=\"text_exposed_show\">Early Middle Ages.\u00a0<\/span><\/p>\n<p><span class=\"text_exposed_show\">Material: bronze<\/span><\/p>\n<p><span class=\"text_exposed_show\">Breite: 25 mm.<\/span><\/p>\n","protected":false},"excerpt":{"rendered":"<p><span class=\"text_exposed_show\">Belt set, <\/span><span class=\"text_exposed_show\">Buckle: Sweden (<\/span>Bj\u00f6rk\u00f6 grave 716), Strap-end:\u00a0<span class=\"text_exposed_show\">Sweden (<\/span>Bj\u00f6rk\u00f6), <span class=\"text_exposed_show\">Early Middle Ages.\u00a0<\/span><\/p>\n","protected":false},"featured_media":4686,"template":"","meta":{"_mi_skip_tracking":false},"product_cat":[39,100],"product_tag":[],"_links":{"self":[{"href":"https:\/\/szepczacekruki.pl\/en\/wp-json\/wp\/v2\/product\/4638"}],"collection":[{"href":"https:\/\/szepczacekruki.pl\/en\/wp-json\/wp\/v2\/product"}],"about":[{"href":"https:\/\/szepczacekruki.pl\/en\/wp-json\/wp\/v2\/types\/product"}],"wp:featuredmedia":[{"embeddable":true,"href":"https:\/\/szepczacekruki.pl\/en\/wp-json\/wp\/v2\/media\/4686"}],"wp:attachment":[{"href":"https:\/\/szepczacekruki.pl\/en\/wp-json\/wp\/v2\/media?parent=4638"}],"wp:term":[{"taxonomy":"product_cat","embeddable":true,"href":"https:\/\/szepczacekruki.pl\/en\/wp-json\/wp\/v2\/product_cat?post=4638"},{"taxonomy":"product_tag","embeddable":true,"href":"https:\/\/szepczacekruki.pl\/en\/wp-json\/wp\/v2\/product_tag?post=4638"}],"curies":[{"name":"wp","href":"https:\/\/api.w.org\/{rel}","templated":true}]}}