{"id":5427,"date":"2019-10-16T10:34:39","date_gmt":"2019-10-16T10:37:22","guid":{"rendered":"https:\/\/szepczacekruki.pl\/?post_type=product&#038;p=5427"},"modified":"2024-02-03T00:58:59","modified_gmt":"2024-02-03T00:58:59","slug":"replica-cross-from-poland-zolte-near-drawsko","status":"publish","type":"product","link":"https:\/\/szepczacekruki.pl\/en\/viking-replica-jewelry-slavic\/replica-cross-from-poland-zolte-near-drawsko\/","title":{"rendered":"Replica. Cross from Poland ( \u017b\u00f3\u0142te near Drawsko)"},"content":{"rendered":"<p><span class=\"tlid-translation translation\" lang=\"en\"><span class=\"\" title=\"\">Replica.<\/span> <span class=\"\" title=\"\">Cross from Poland ( \u017b\u00f3\u0142te near Drawsko)<\/span><br \/>\n<span class=\"\" title=\"\">material: bronze<\/span><br \/>\n<span title=\"\">dimensions: 43 mm x 35 mm<\/span><\/span><\/p>\n","protected":false},"excerpt":{"rendered":"<p><span class=\"tlid-translation translation\" lang=\"en\"><span class=\"\" title=\"\">Replica.<\/span> <span class=\"\" title=\"\">Cross from Poland ( \u017b\u00f3\u0142te near Drawsko)<\/span><br \/>\n<span class=\"\" title=\"\">material: bronze<\/span><br \/>\n<span title=\"\">dimensions: 43 mm x 35 mm<\/span><\/span><\/p>\n","protected":false},"featured_media":6397,"template":"","meta":{"_mi_skip_tracking":false},"product_cat":[306,39],"product_tag":[],"_links":{"self":[{"href":"https:\/\/szepczacekruki.pl\/en\/wp-json\/wp\/v2\/product\/5427"}],"collection":[{"href":"https:\/\/szepczacekruki.pl\/en\/wp-json\/wp\/v2\/product"}],"about":[{"href":"https:\/\/szepczacekruki.pl\/en\/wp-json\/wp\/v2\/types\/product"}],"wp:featuredmedia":[{"embeddable":true,"href":"https:\/\/szepczacekruki.pl\/en\/wp-json\/wp\/v2\/media\/6397"}],"wp:attachment":[{"href":"https:\/\/szepczacekruki.pl\/en\/wp-json\/wp\/v2\/media?parent=5427"}],"wp:term":[{"taxonomy":"product_cat","embeddable":true,"href":"https:\/\/szepczacekruki.pl\/en\/wp-json\/wp\/v2\/product_cat?post=5427"},{"taxonomy":"product_tag","embeddable":true,"href":"https:\/\/szepczacekruki.pl\/en\/wp-json\/wp\/v2\/product_tag?post=5427"}],"curies":[{"name":"wp","href":"https:\/\/api.w.org\/{rel}","templated":true}]}}