{"id":5722,"date":"2019-11-28T12:02:28","date_gmt":"2019-11-28T12:47:31","guid":{"rendered":"https:\/\/szepczacekruki.pl\/?post_type=product&#038;p=5722"},"modified":"2022-09-14T18:28:41","modified_gmt":"2022-09-14T18:28:41","slug":"replik-miniature-pendant","status":"publish","type":"product","link":"https:\/\/szepczacekruki.pl\/en\/viking-replica-jewelry-slavic\/replik-miniature-pendant\/","title":{"rendered":"Replik. Miniature pendant."},"content":{"rendered":"<p>Replik. Miniature pendant.<br \/>\nPolska,Szwecja,Litwa, Gotlandia,Ru\u015b<br \/>\nRinkaby,Sigtuna,Hjelmsolille,Daugmale,Kry\u0142\u00f3w,Dziekanowice,Wyszembork,Nowogr\u00f3d, Sarkel&#8230;<\/p>\n<p>Dating: IX-XI th.<\/p>\n<p>Dimensions: 40 mm<\/p>\n<p>Material: bronze<\/p>\n","protected":false},"excerpt":{"rendered":"<p>Replik. Miniature pendant.<br \/>\nPolska,Szwecja,Litwa, Gotlandia,Ru\u015b<br \/>\nRinkaby,Sigtuna,Hjelmsolille,Daugmale,Kry\u0142\u00f3w,Dziekanowice,Wyszembork,Nowogr\u00f3d, Sarkel&#8230;<\/p>\n<p>Dating: IX-XI th.<\/p>\n<p>Dimensions: 40 mm<\/p>\n<p>Material: bronze<\/p>\n","protected":false},"featured_media":6534,"template":"","meta":{"_mi_skip_tracking":false},"product_cat":[39,88],"product_tag":[],"_links":{"self":[{"href":"https:\/\/szepczacekruki.pl\/en\/wp-json\/wp\/v2\/product\/5722"}],"collection":[{"href":"https:\/\/szepczacekruki.pl\/en\/wp-json\/wp\/v2\/product"}],"about":[{"href":"https:\/\/szepczacekruki.pl\/en\/wp-json\/wp\/v2\/types\/product"}],"wp:featuredmedia":[{"embeddable":true,"href":"https:\/\/szepczacekruki.pl\/en\/wp-json\/wp\/v2\/media\/6534"}],"wp:attachment":[{"href":"https:\/\/szepczacekruki.pl\/en\/wp-json\/wp\/v2\/media?parent=5722"}],"wp:term":[{"taxonomy":"product_cat","embeddable":true,"href":"https:\/\/szepczacekruki.pl\/en\/wp-json\/wp\/v2\/product_cat?post=5722"},{"taxonomy":"product_tag","embeddable":true,"href":"https:\/\/szepczacekruki.pl\/en\/wp-json\/wp\/v2\/product_tag?post=5722"}],"curies":[{"name":"wp","href":"https:\/\/api.w.org\/{rel}","templated":true}]}}