{"id":7241,"date":"2021-05-19T11:52:15","date_gmt":"2021-05-19T11:52:15","guid":{"rendered":"https:\/\/szepczacekruki.pl\/wikingowie-wczesne-sredniowiecze-replika\/replika-znaleziska-z-przemysla-polska-grob-nr-6-replica-przemysl-poland-cemetery-grave-6\/"},"modified":"2022-09-14T17:22:05","modified_gmt":"2022-09-14T17:22:05","slug":"replika-znaleziska-z-przemysla-polska-grob-nr-6-replica-przemysl-poland-cemetery-grave-6","status":"publish","type":"product","link":"https:\/\/szepczacekruki.pl\/en\/viking-replica-jewelry-slavic\/replika-znaleziska-z-przemysla-polska-grob-nr-6-replica-przemysl-poland-cemetery-grave-6\/","title":{"rendered":"Replika znaleziska z Przemy\u015bla (Polska). Gr\u00f3b nr 6.Replica. Przemy\u015bl (Poland)  cemetery. Grave 6."},"content":{"rendered":"<p>Replica.<br \/>\nPrzemy\u015bl (Poland)  cemetery. Grave 6.<br \/>\nDated: 10th century<br \/>\nMaterial: bronze<br \/>\nThe set includes:buckle, belt end belt fittings 11 pcs<br \/>\nThe dimensions of the replicas are consistent with the original.<\/p>\n","protected":false},"excerpt":{"rendered":"<p>Replica.<br \/>\nPrzemy\u015bl (Poland)  cemetery. Grave 6.<br \/>\nDated: 10th century<br \/>\nMaterial: bronze<br \/>\nThe set includes:buckle, belt end belt fittings 11 pcs<br \/>\nThe dimensions of the replicas are consistent with the original.<\/p>\n","protected":false},"featured_media":7239,"template":"","meta":{"_mi_skip_tracking":false},"product_cat":[39,103],"product_tag":[],"_links":{"self":[{"href":"https:\/\/szepczacekruki.pl\/en\/wp-json\/wp\/v2\/product\/7241"}],"collection":[{"href":"https:\/\/szepczacekruki.pl\/en\/wp-json\/wp\/v2\/product"}],"about":[{"href":"https:\/\/szepczacekruki.pl\/en\/wp-json\/wp\/v2\/types\/product"}],"wp:featuredmedia":[{"embeddable":true,"href":"https:\/\/szepczacekruki.pl\/en\/wp-json\/wp\/v2\/media\/7239"}],"wp:attachment":[{"href":"https:\/\/szepczacekruki.pl\/en\/wp-json\/wp\/v2\/media?parent=7241"}],"wp:term":[{"taxonomy":"product_cat","embeddable":true,"href":"https:\/\/szepczacekruki.pl\/en\/wp-json\/wp\/v2\/product_cat?post=7241"},{"taxonomy":"product_tag","embeddable":true,"href":"https:\/\/szepczacekruki.pl\/en\/wp-json\/wp\/v2\/product_tag?post=7241"}],"curies":[{"name":"wp","href":"https:\/\/api.w.org\/{rel}","templated":true}]}}