{"id":7662,"date":"2021-10-26T20:07:55","date_gmt":"2021-10-26T20:07:55","guid":{"rendered":"https:\/\/szepczacekruki.pl\/wikingowie-wczesne-sredniowiecze-replika\/belt-set-aus-nove-zamky-viii-th-ksiestwo-nitrzanskie-ksiestwo-morawskie-viii-th\/"},"modified":"2022-09-14T17:12:59","modified_gmt":"2022-09-14T17:12:59","slug":"belt-set-from-nove-zamky-viii-th-ksiestwo-nitrzanskie-ksiestwo-morawskie-viii-th","status":"publish","type":"product","link":"https:\/\/szepczacekruki.pl\/en\/viking-replica-jewelry-slavic\/belt-set-from-nove-zamky-viii-th-ksiestwo-nitrzanskie-ksiestwo-morawskie-viii-th\/","title":{"rendered":"Belt Set from Nove Zamky VIII th. -Ksi\u0119stwo Nitrza\u0144skie (Ksi\u0119stwo Morawskie )  VIII th."},"content":{"rendered":"<p>material: bronze<br \/>\nBelt consists of: 7 strap-mounts, 9 strap-mounts, 2 strap-mounts, 1 buckle, 1 strap-end, 3 strap-end<br \/>\nwidth: 30 mm <\/p>\n","protected":false},"excerpt":{"rendered":"<p>material: bronze<br \/>\nBelt consists of: 7 strap-mounts, 9 strap-mounts, 2 strap-mounts, 1 buckle, 1 strap-end, 3 strap-end<br \/>\nwidth: 30 mm <\/p>\n","protected":false},"featured_media":7657,"template":"","meta":{"_mi_skip_tracking":false},"product_cat":[39,103],"product_tag":[],"_links":{"self":[{"href":"https:\/\/szepczacekruki.pl\/en\/wp-json\/wp\/v2\/product\/7662"}],"collection":[{"href":"https:\/\/szepczacekruki.pl\/en\/wp-json\/wp\/v2\/product"}],"about":[{"href":"https:\/\/szepczacekruki.pl\/en\/wp-json\/wp\/v2\/types\/product"}],"wp:featuredmedia":[{"embeddable":true,"href":"https:\/\/szepczacekruki.pl\/en\/wp-json\/wp\/v2\/media\/7657"}],"wp:attachment":[{"href":"https:\/\/szepczacekruki.pl\/en\/wp-json\/wp\/v2\/media?parent=7662"}],"wp:term":[{"taxonomy":"product_cat","embeddable":true,"href":"https:\/\/szepczacekruki.pl\/en\/wp-json\/wp\/v2\/product_cat?post=7662"},{"taxonomy":"product_tag","embeddable":true,"href":"https:\/\/szepczacekruki.pl\/en\/wp-json\/wp\/v2\/product_tag?post=7662"}],"curies":[{"name":"wp","href":"https:\/\/api.w.org\/{rel}","templated":true}]}}