{"id":8276,"date":"2024-01-23T23:46:09","date_gmt":"2024-01-23T23:46:37","guid":{"rendered":"https:\/\/szepczacekruki.pl\/?post_type=product&#038;p=8276"},"modified":"2024-02-02T22:54:36","modified_gmt":"2024-02-02T22:54:36","slug":"a-cap-from-izbornik-swiatoslaw-kievan-rus","status":"publish","type":"product","link":"https:\/\/szepczacekruki.pl\/en\/viking-replica-jewelry-slavic\/a-cap-from-izbornik-swiatoslaw-kievan-rus\/","title":{"rendered":"A cap from Izbornik \u015awiatos\u0142aw. Kievan Rus."},"content":{"rendered":"<p>A cap from Izbornik \u015awiatos\u0142aw. Kievan Rus.<br \/>\nReconstruction of a cap from one of the two codes of &#8220;Izborniki \u015awiatos\u0142awa&#8221; from the 11th century (1073)<br \/>\nThe miniature shows the family of Prince Svyatoslav and probably his courtiers.<br \/>\nThe miniature hat has the form of a felt-wool bowler (?) With a fur trim (?) And ear flaps (?).<br \/>\nSince the miniature is not in the best preserved condition, you cannot see the exact details of the cap construction.<br \/>\nIt is also unknown what the cap looked like on the back.<br \/>\nI made the hat from natural wool by hand felting and trimmed with beaver fur.<br \/>\nEarmuffs are fastened with a bronze bump.<br \/>\nI make caps to size and in any color.<\/p>\n","protected":false},"excerpt":{"rendered":"<p>Reconstruction of the cap from the 11th century. Kievan Rus (Izbornik Swiatos\u0142awa). Wool felt cap.<br \/>\nMaterial: 100% wool<br \/>\nCap circumferences: full sizes<br \/>\nFull color palette. Mink fur or other fur, as requested by the customer.<\/p>\n","protected":false},"featured_media":8278,"template":"","meta":{"_mi_skip_tracking":false},"product_cat":[238,195,166],"product_tag":[],"_links":{"self":[{"href":"https:\/\/szepczacekruki.pl\/en\/wp-json\/wp\/v2\/product\/8276"}],"collection":[{"href":"https:\/\/szepczacekruki.pl\/en\/wp-json\/wp\/v2\/product"}],"about":[{"href":"https:\/\/szepczacekruki.pl\/en\/wp-json\/wp\/v2\/types\/product"}],"wp:featuredmedia":[{"embeddable":true,"href":"https:\/\/szepczacekruki.pl\/en\/wp-json\/wp\/v2\/media\/8278"}],"wp:attachment":[{"href":"https:\/\/szepczacekruki.pl\/en\/wp-json\/wp\/v2\/media?parent=8276"}],"wp:term":[{"taxonomy":"product_cat","embeddable":true,"href":"https:\/\/szepczacekruki.pl\/en\/wp-json\/wp\/v2\/product_cat?post=8276"},{"taxonomy":"product_tag","embeddable":true,"href":"https:\/\/szepczacekruki.pl\/en\/wp-json\/wp\/v2\/product_tag?post=8276"}],"curies":[{"name":"wp","href":"https:\/\/api.w.org\/{rel}","templated":true}]}}