{"id":8581,"date":"2024-02-01T20:49:27","date_gmt":"2024-02-01T20:49:27","guid":{"rendered":"https:\/\/szepczacekruki.pl\/wikingowie-wczesne-sredniowiecze-replika\/ring-replica-from-maslowice-debina\/"},"modified":"2024-12-16T07:15:11","modified_gmt":"2024-12-16T07:15:11","slug":"ring-replica-from-maslowice-debina","status":"publish","type":"product","link":"https:\/\/szepczacekruki.pl\/en\/viking-replica-jewelry-slavic\/ring-replica-from-maslowice-debina\/","title":{"rendered":"Ring. Replica from Mas\u0142owice, D\u0119bina."},"content":{"rendered":"","protected":false},"excerpt":{"rendered":"<p>Ring. Replica from Mas\u0142owice, D\u0119bina.<br \/>\nEarly Middle Ages.<br \/>\nMaterial: bronze, silver-plated bronze, gilded bronze<br \/>\nSize adjustable.<\/p>\n","protected":false},"featured_media":8579,"template":"","meta":{"_mi_skip_tracking":false},"product_cat":[303,39],"product_tag":[],"_links":{"self":[{"href":"https:\/\/szepczacekruki.pl\/en\/wp-json\/wp\/v2\/product\/8581"}],"collection":[{"href":"https:\/\/szepczacekruki.pl\/en\/wp-json\/wp\/v2\/product"}],"about":[{"href":"https:\/\/szepczacekruki.pl\/en\/wp-json\/wp\/v2\/types\/product"}],"wp:featuredmedia":[{"embeddable":true,"href":"https:\/\/szepczacekruki.pl\/en\/wp-json\/wp\/v2\/media\/8579"}],"wp:attachment":[{"href":"https:\/\/szepczacekruki.pl\/en\/wp-json\/wp\/v2\/media?parent=8581"}],"wp:term":[{"taxonomy":"product_cat","embeddable":true,"href":"https:\/\/szepczacekruki.pl\/en\/wp-json\/wp\/v2\/product_cat?post=8581"},{"taxonomy":"product_tag","embeddable":true,"href":"https:\/\/szepczacekruki.pl\/en\/wp-json\/wp\/v2\/product_tag?post=8581"}],"curies":[{"name":"wp","href":"https:\/\/api.w.org\/{rel}","templated":true}]}}