{"id":8714,"date":"2024-02-02T10:14:30","date_gmt":"2024-02-02T10:14:30","guid":{"rendered":"https:\/\/szepczacekruki.pl\/wikingowie-wczesne-sredniowiecze-replika\/pendants-replica-from-danilow-maly\/"},"modified":"2025-11-26T20:14:34","modified_gmt":"2025-11-26T20:14:34","slug":"pendants-replica-from-danilow-maly","status":"publish","type":"product","link":"https:\/\/szepczacekruki.pl\/en\/viking-replica-jewelry-slavic\/pendants-replica-from-danilow-maly\/","title":{"rendered":"Pendants. Replica from Dani\u0142\u00f3w Ma\u0142y."},"content":{"rendered":"","protected":false},"excerpt":{"rendered":"<p>Pendants. Replica from Dani\u0142\u00f3w Ma\u0142y.<br \/>\nThe necklace from grave no. 9 consisted of: glass and metal beads, 7 moon-shaped pendants (lunul), 5 crosses, 6 pendants<br \/>\nmaterial: bronze. Silver or gold plating is possible. The price is for 1 bronze pendant.<\/p>\n","protected":false},"featured_media":8706,"template":"","meta":{"_mi_skip_tracking":false},"product_cat":[39,192],"product_tag":[],"_links":{"self":[{"href":"https:\/\/szepczacekruki.pl\/en\/wp-json\/wp\/v2\/product\/8714"}],"collection":[{"href":"https:\/\/szepczacekruki.pl\/en\/wp-json\/wp\/v2\/product"}],"about":[{"href":"https:\/\/szepczacekruki.pl\/en\/wp-json\/wp\/v2\/types\/product"}],"wp:featuredmedia":[{"embeddable":true,"href":"https:\/\/szepczacekruki.pl\/en\/wp-json\/wp\/v2\/media\/8706"}],"wp:attachment":[{"href":"https:\/\/szepczacekruki.pl\/en\/wp-json\/wp\/v2\/media?parent=8714"}],"wp:term":[{"taxonomy":"product_cat","embeddable":true,"href":"https:\/\/szepczacekruki.pl\/en\/wp-json\/wp\/v2\/product_cat?post=8714"},{"taxonomy":"product_tag","embeddable":true,"href":"https:\/\/szepczacekruki.pl\/en\/wp-json\/wp\/v2\/product_tag?post=8714"}],"curies":[{"name":"wp","href":"https:\/\/api.w.org\/{rel}","templated":true}]}}