{"id":8949,"date":"2024-02-10T19:07:13","date_gmt":"2024-02-10T19:07:13","guid":{"rendered":"https:\/\/szepczacekruki.pl\/wikingowie-wczesne-sredniowiecze-replika\/replica-cross-from-danilowo-male\/"},"modified":"2024-02-10T19:07:13","modified_gmt":"2024-02-10T19:07:13","slug":"replica-cross-from-danilowo-male","status":"publish","type":"product","link":"https:\/\/szepczacekruki.pl\/en\/viking-replica-jewelry-slavic\/replica-cross-from-danilowo-male\/","title":{"rendered":"Replica. Cross from Dani\u0142owo Ma\u0142e."},"content":{"rendered":"","protected":false},"excerpt":{"rendered":"<p>Replica. Cross from Dani\u0142owo Ma\u0142e.<br \/>\nDating: early Middle Ages<br \/>\nDimensions: 35 mm x 30 mm<br \/>\nMaterial: bronze, silver-plated bronze, gold-plated.  The price is for a bronze cross. Replik.<\/p>\n","protected":false},"featured_media":8946,"template":"","meta":{"_mi_skip_tracking":false},"product_cat":[306,39],"product_tag":[],"_links":{"self":[{"href":"https:\/\/szepczacekruki.pl\/en\/wp-json\/wp\/v2\/product\/8949"}],"collection":[{"href":"https:\/\/szepczacekruki.pl\/en\/wp-json\/wp\/v2\/product"}],"about":[{"href":"https:\/\/szepczacekruki.pl\/en\/wp-json\/wp\/v2\/types\/product"}],"wp:featuredmedia":[{"embeddable":true,"href":"https:\/\/szepczacekruki.pl\/en\/wp-json\/wp\/v2\/media\/8946"}],"wp:attachment":[{"href":"https:\/\/szepczacekruki.pl\/en\/wp-json\/wp\/v2\/media?parent=8949"}],"wp:term":[{"taxonomy":"product_cat","embeddable":true,"href":"https:\/\/szepczacekruki.pl\/en\/wp-json\/wp\/v2\/product_cat?post=8949"},{"taxonomy":"product_tag","embeddable":true,"href":"https:\/\/szepczacekruki.pl\/en\/wp-json\/wp\/v2\/product_tag?post=8949"}],"curies":[{"name":"wp","href":"https:\/\/api.w.org\/{rel}","templated":true}]}}